{"id":1075,"date":"2025-01-22T17:16:59","date_gmt":"2025-01-22T17:16:59","guid":{"rendered":"https:\/\/kana-immo-consulting.com\/?page_id=1075"},"modified":"2025-02-06T16:28:07","modified_gmt":"2025-02-06T16:28:07","slug":"spreintenbach","status":"publish","type":"page","link":"https:\/\/kana-immo-consulting.com\/es\/spreintenbach\/","title":{"rendered":"Spreintenbach"},"content":{"rendered":"<div data-elementor-type=\"wp-page\" data-elementor-id=\"1075\" class=\"elementor elementor-1075\" data-elementor-post-type=\"page\">\n\t\t\t\t<div class=\"elementor-element elementor-element-05b0b34 e-flex e-con-boxed e-con e-parent\" data-id=\"05b0b34\" data-element_type=\"container\" data-settings=\"{&quot;background_background&quot;:&quot;classic&quot;}\">\n\t\t\t\t\t<div class=\"e-con-inner\">\n\t\t<div class=\"elementor-element elementor-element-ee8ebfd e-con-full e-flex e-con e-child\" data-id=\"ee8ebfd\" data-element_type=\"container\">\n\t\t\t\t<div class=\"elementor-element elementor-element-dbeb786 elementor-widget elementor-widget-heading\" data-id=\"dbeb786\" data-element_type=\"widget\" data-widget_type=\"heading.default\">\n\t\t\t\t<div class=\"elementor-widget-container\">\n\t\t\t\t\t<h1 class=\"elementor-heading-title elementor-size-default\">SPREINTENBACH\n<\/h1>\t\t\t\t<\/div>\n\t\t\t\t<\/div>\n\t\t\t\t<\/div>\n\t\t\t\t\t<\/div>\n\t\t\t\t<\/div>\n\t\t<div class=\"elementor-element elementor-element-0fe6062 e-flex e-con-boxed e-con e-parent\" data-id=\"0fe6062\" data-element_type=\"container\">\n\t\t\t\t\t<div class=\"e-con-inner\">\n\t\t\t\t<div class=\"elementor-element elementor-element-32505d4 elementor-widget elementor-widget-gallery\" data-id=\"32505d4\" data-element_type=\"widget\" data-settings=\"{&quot;columns&quot;:2,&quot;gap&quot;:{&quot;unit&quot;:&quot;px&quot;,&quot;size&quot;:21,&quot;sizes&quot;:[]},&quot;lazyload&quot;:&quot;yes&quot;,&quot;gallery_layout&quot;:&quot;grid&quot;,&quot;columns_tablet&quot;:2,&quot;columns_mobile&quot;:1,&quot;gap_tablet&quot;:{&quot;unit&quot;:&quot;px&quot;,&quot;size&quot;:10,&quot;sizes&quot;:[]},&quot;gap_mobile&quot;:{&quot;unit&quot;:&quot;px&quot;,&quot;size&quot;:10,&quot;sizes&quot;:[]},&quot;link_to&quot;:&quot;file&quot;,&quot;aspect_ratio&quot;:&quot;3:2&quot;,&quot;overlay_background&quot;:&quot;yes&quot;,&quot;content_hover_animation&quot;:&quot;fade-in&quot;}\" data-widget_type=\"gallery.default\">\n\t\t\t\t<div class=\"elementor-widget-container\">\n\t\t\t\t\t\t\t<div class=\"elementor-gallery__container\">\n\t\t\t\t\t\t\t<a class=\"e-gallery-item elementor-gallery-item elementor-animated-content\" href=\"https:\/\/kana-immo-consulting.com\/wp-content\/uploads\/2025\/01\/STRE4.jpg\" data-elementor-open-lightbox=\"yes\" data-elementor-lightbox-slideshow=\"32505d4\" data-elementor-lightbox-title=\"STRE4\" data-e-action-hash=\"#elementor-action%3Aaction%3Dlightbox%26settings%3DeyJpZCI6MTA4MSwidXJsIjoiaHR0cHM6XC9cL2thbmEtaW1tby1jb25zdWx0aW5nLmNvbVwvd3AtY29udGVudFwvdXBsb2Fkc1wvMjAyNVwvMDFcL1NUUkU0LmpwZyIsInNsaWRlc2hvdyI6IjMyNTA1ZDQifQ%3D%3D\">\n\t\t\t\t\t<div class=\"e-gallery-image elementor-gallery-item__image\" data-thumbnail=\"https:\/\/kana-immo-consulting.com\/wp-content\/uploads\/2025\/01\/STRE4.jpg\" data-width=\"1506\" data-height=\"989\" aria-label=\"\" role=\"img\" ><\/div>\n\t\t\t\t\t\t\t\t\t\t\t<div class=\"elementor-gallery-item__overlay\"><\/div>\n\t\t\t\t\t\t\t\t\t\t\t\t\t\t<\/a>\n\t\t\t\t\t\t\t<a class=\"e-gallery-item elementor-gallery-item elementor-animated-content\" href=\"https:\/\/kana-immo-consulting.com\/wp-content\/uploads\/2025\/01\/STRE3.jpg\" data-elementor-open-lightbox=\"yes\" data-elementor-lightbox-slideshow=\"32505d4\" data-elementor-lightbox-title=\"STRE3\" data-e-action-hash=\"#elementor-action%3Aaction%3Dlightbox%26settings%3DeyJpZCI6MTA4MCwidXJsIjoiaHR0cHM6XC9cL2thbmEtaW1tby1jb25zdWx0aW5nLmNvbVwvd3AtY29udGVudFwvdXBsb2Fkc1wvMjAyNVwvMDFcL1NUUkUzLmpwZyIsInNsaWRlc2hvdyI6IjMyNTA1ZDQifQ%3D%3D\">\n\t\t\t\t\t<div class=\"e-gallery-image elementor-gallery-item__image\" data-thumbnail=\"https:\/\/kana-immo-consulting.com\/wp-content\/uploads\/2025\/01\/STRE3.jpg\" data-width=\"1537\" data-height=\"1010\" aria-label=\"\" role=\"img\" ><\/div>\n\t\t\t\t\t\t\t\t\t\t\t<div class=\"elementor-gallery-item__overlay\"><\/div>\n\t\t\t\t\t\t\t\t\t\t\t\t\t\t<\/a>\n\t\t\t\t\t<\/div>\n\t\t\t\t\t<\/div>\n\t\t\t\t<\/div>\n\t\t\t\t<div class=\"elementor-element elementor-element-058431b elementor-widget elementor-widget-gallery\" data-id=\"058431b\" data-element_type=\"widget\" data-settings=\"{&quot;columns&quot;:2,&quot;gap&quot;:{&quot;unit&quot;:&quot;px&quot;,&quot;size&quot;:21,&quot;sizes&quot;:[]},&quot;gallery_layout&quot;:&quot;masonry&quot;,&quot;lazyload&quot;:&quot;yes&quot;,&quot;columns_tablet&quot;:2,&quot;columns_mobile&quot;:1,&quot;gap_tablet&quot;:{&quot;unit&quot;:&quot;px&quot;,&quot;size&quot;:10,&quot;sizes&quot;:[]},&quot;gap_mobile&quot;:{&quot;unit&quot;:&quot;px&quot;,&quot;size&quot;:10,&quot;sizes&quot;:[]},&quot;link_to&quot;:&quot;file&quot;,&quot;overlay_background&quot;:&quot;yes&quot;,&quot;content_hover_animation&quot;:&quot;fade-in&quot;}\" data-widget_type=\"gallery.default\">\n\t\t\t\t<div class=\"elementor-widget-container\">\n\t\t\t\t\t\t\t<div class=\"elementor-gallery__container\">\n\t\t\t\t\t\t\t<a class=\"e-gallery-item elementor-gallery-item elementor-animated-content\" href=\"https:\/\/kana-immo-consulting.com\/wp-content\/uploads\/2025\/01\/STRE2.jpg\" data-elementor-open-lightbox=\"yes\" data-elementor-lightbox-slideshow=\"058431b\" data-elementor-lightbox-title=\"STRE2\" data-e-action-hash=\"#elementor-action%3Aaction%3Dlightbox%26settings%3DeyJpZCI6MTA3OSwidXJsIjoiaHR0cHM6XC9cL2thbmEtaW1tby1jb25zdWx0aW5nLmNvbVwvd3AtY29udGVudFwvdXBsb2Fkc1wvMjAyNVwvMDFcL1NUUkUyLmpwZyIsInNsaWRlc2hvdyI6IjA1ODQzMWIifQ%3D%3D\">\n\t\t\t\t\t<div class=\"e-gallery-image elementor-gallery-item__image\" data-thumbnail=\"https:\/\/kana-immo-consulting.com\/wp-content\/uploads\/2025\/01\/STRE2.jpg\" data-width=\"1057\" data-height=\"1410\" aria-label=\"\" role=\"img\" ><\/div>\n\t\t\t\t\t\t\t\t\t\t\t<div class=\"elementor-gallery-item__overlay\"><\/div>\n\t\t\t\t\t\t\t\t\t\t\t\t\t\t<\/a>\n\t\t\t\t\t\t\t<a class=\"e-gallery-item elementor-gallery-item elementor-animated-content\" href=\"https:\/\/kana-immo-consulting.com\/wp-content\/uploads\/2025\/01\/STRE1.jpg\" data-elementor-open-lightbox=\"yes\" data-elementor-lightbox-slideshow=\"058431b\" data-elementor-lightbox-title=\"STRE1\" data-e-action-hash=\"#elementor-action%3Aaction%3Dlightbox%26settings%3DeyJpZCI6MTA3OCwidXJsIjoiaHR0cHM6XC9cL2thbmEtaW1tby1jb25zdWx0aW5nLmNvbVwvd3AtY29udGVudFwvdXBsb2Fkc1wvMjAyNVwvMDFcL1NUUkUxLmpwZyIsInNsaWRlc2hvdyI6IjA1ODQzMWIifQ%3D%3D\">\n\t\t\t\t\t<div class=\"e-gallery-image elementor-gallery-item__image\" data-thumbnail=\"https:\/\/kana-immo-consulting.com\/wp-content\/uploads\/2025\/01\/STRE1.jpg\" data-width=\"1058\" data-height=\"1410\" aria-label=\"\" role=\"img\" ><\/div>\n\t\t\t\t\t\t\t\t\t\t\t<div class=\"elementor-gallery-item__overlay\"><\/div>\n\t\t\t\t\t\t\t\t\t\t\t\t\t\t<\/a>\n\t\t\t\t\t<\/div>\n\t\t\t\t\t<\/div>\n\t\t\t\t<\/div>\n\t\t\t\t\t<\/div>\n\t\t\t\t<\/div>\n\t\t<div class=\"elementor-element elementor-element-8181263 e-flex e-con-boxed e-con e-parent\" data-id=\"8181263\" data-element_type=\"container\">\n\t\t\t\t\t<div class=\"e-con-inner\">\n\t\t<div class=\"elementor-element elementor-element-cb4dc77 e-con-full e-flex e-con e-child\" data-id=\"cb4dc77\" data-element_type=\"container\">\n\t\t\t\t<div class=\"elementor-element elementor-element-d73c9a6 elementor-widget elementor-widget-heading\" data-id=\"d73c9a6\" data-element_type=\"widget\" data-widget_type=\"heading.default\">\n\t\t\t\t<div class=\"elementor-widget-container\">\n\t\t\t\t\t<h2 class=\"elementor-heading-title elementor-size-default\">Die Bedingungen<\/h2>\t\t\t\t<\/div>\n\t\t\t\t<\/div>\n\t\t\t\t<div class=\"elementor-element elementor-element-acd49a7 elementor-widget elementor-widget-text-editor\" data-id=\"acd49a7\" data-element_type=\"widget\" data-widget_type=\"text-editor.default\">\n\t\t\t\t<div class=\"elementor-widget-container\">\n\t\t\t\t\t\t\t\t\t<p>Die Mietzahlung betr\u00e4gt 50 % bei Buchung und 50 % nach der H\u00e4lfte des Aufenthaltes.<br \/>G\u00e4ste m\u00fcssen einen g\u00fcltigen Ausweis vorlegen.<br \/>Abfahrt um 10:00 Uhr. <br \/>Der Check-in erfolgt um 12:00 Uhr.<br \/>Haustiere sind nicht gestattet.<br \/>Bei Fragen senden Sie bitte eine WhatsApp-Nachricht an +41 799063507<\/p>\t\t\t\t\t\t\t\t<\/div>\n\t\t\t\t<\/div>\n\t\t\t\t<\/div>\n\t\t<div class=\"elementor-element elementor-element-4599c8a e-con-full e-flex e-con e-child\" data-id=\"4599c8a\" data-element_type=\"container\">\n\t\t\t\t<div class=\"elementor-element elementor-element-d14be4f elementor-widget elementor-widget-heading\" data-id=\"d14be4f\" data-element_type=\"widget\" data-widget_type=\"heading.default\">\n\t\t\t\t<div class=\"elementor-widget-container\">\n\t\t\t\t\t<h2 class=\"elementor-heading-title elementor-size-default\">Wochenpreis\n<\/h2>\t\t\t\t<\/div>\n\t\t\t\t<\/div>\n\t\t\t\t<div class=\"elementor-element elementor-element-c93d93f elementor-widget elementor-widget-heading\" data-id=\"c93d93f\" data-element_type=\"widget\" data-widget_type=\"heading.default\">\n\t\t\t\t<div class=\"elementor-widget-container\">\n\t\t\t\t\t<h2 class=\"elementor-heading-title elementor-size-default\">850 CHF<\/h2>\t\t\t\t<\/div>\n\t\t\t\t<\/div>\n\t\t\t\t<\/div>\n\t\t\t\t\t<\/div>\n\t\t\t\t<\/div>\n\t\t\t\t<\/div>","protected":false},"excerpt":{"rendered":"<p>SPREINTENBACH Die Bedingungen Die Mietzahlung betr\u00e4gt 50 % bei Buchung und 50 % nach der H\u00e4lfte des Aufenthaltes.G\u00e4ste m\u00fcssen einen g\u00fcltigen Ausweis vorlegen.Abfahrt um 10:00 Uhr. Der Check-in erfolgt um 12:00 Uhr.Haustiere sind nicht gestattet.Bei Fragen senden Sie bitte eine WhatsApp-Nachricht an +41 799063507 Wochenpreis 850 CHF<\/p>","protected":false},"author":1,"featured_media":0,"parent":0,"menu_order":0,"comment_status":"closed","ping_status":"closed","template":"","meta":{"site-sidebar-layout":"no-sidebar","site-content-layout":"page-builder","ast-site-content-layout":"","site-content-style":"default","site-sidebar-style":"default","ast-global-header-display":"","ast-banner-title-visibility":"","ast-main-header-display":"","ast-hfb-above-header-display":"","ast-hfb-below-header-display":"","ast-hfb-mobile-header-display":"","site-post-title":"disabled","ast-breadcrumbs-content":"","ast-featured-img":"disabled","footer-sml-layout":"","theme-transparent-header-meta":"enabled","adv-header-id-meta":"","stick-header-meta":"","header-above-stick-meta":"","header-main-stick-meta":"","header-below-stick-meta":"","astra-migrate-meta-layouts":"default","ast-page-background-enabled":"default","ast-page-background-meta":{"desktop":{"background-color":"","background-image":"","background-repeat":"repeat","background-position":"center center","background-size":"auto","background-attachment":"scroll","background-type":"","background-media":"","overlay-type":"","overlay-color":"","overlay-opacity":"","overlay-gradient":""},"tablet":{"background-color":"","background-image":"","background-repeat":"repeat","background-position":"center center","background-size":"auto","background-attachment":"scroll","background-type":"","background-media":"","overlay-type":"","overlay-color":"","overlay-opacity":"","overlay-gradient":""},"mobile":{"background-color":"","background-image":"","background-repeat":"repeat","background-position":"center center","background-size":"auto","background-attachment":"scroll","background-type":"","background-media":"","overlay-type":"","overlay-color":"","overlay-opacity":"","overlay-gradient":""}},"ast-content-background-meta":{"desktop":{"background-color":"var(--ast-global-color-5)","background-image":"","background-repeat":"repeat","background-position":"center center","background-size":"auto","background-attachment":"scroll","background-type":"","background-media":"","overlay-type":"","overlay-color":"","overlay-opacity":"","overlay-gradient":""},"tablet":{"background-color":"var(--ast-global-color-5)","background-image":"","background-repeat":"repeat","background-position":"center center","background-size":"auto","background-attachment":"scroll","background-type":"","background-media":"","overlay-type":"","overlay-color":"","overlay-opacity":"","overlay-gradient":""},"mobile":{"background-color":"var(--ast-global-color-5)","background-image":"","background-repeat":"repeat","background-position":"center center","background-size":"auto","background-attachment":"scroll","background-type":"","background-media":"","overlay-type":"","overlay-color":"","overlay-opacity":"","overlay-gradient":""}},"footnotes":""},"class_list":["post-1075","page","type-page","status-publish","hentry"],"_links":{"self":[{"href":"https:\/\/kana-immo-consulting.com\/es\/wp-json\/wp\/v2\/pages\/1075","targetHints":{"allow":["GET"]}}],"collection":[{"href":"https:\/\/kana-immo-consulting.com\/es\/wp-json\/wp\/v2\/pages"}],"about":[{"href":"https:\/\/kana-immo-consulting.com\/es\/wp-json\/wp\/v2\/types\/page"}],"author":[{"embeddable":true,"href":"https:\/\/kana-immo-consulting.com\/es\/wp-json\/wp\/v2\/users\/1"}],"replies":[{"embeddable":true,"href":"https:\/\/kana-immo-consulting.com\/es\/wp-json\/wp\/v2\/comments?post=1075"}],"version-history":[{"count":13,"href":"https:\/\/kana-immo-consulting.com\/es\/wp-json\/wp\/v2\/pages\/1075\/revisions"}],"predecessor-version":[{"id":1182,"href":"https:\/\/kana-immo-consulting.com\/es\/wp-json\/wp\/v2\/pages\/1075\/revisions\/1182"}],"wp:attachment":[{"href":"https:\/\/kana-immo-consulting.com\/es\/wp-json\/wp\/v2\/media?parent=1075"}],"curies":[{"name":"wp","href":"https:\/\/api.w.org\/{rel}","templated":true}]}}